{"id":15,"date":"2026-03-04T10:25:22","date_gmt":"2026-03-04T10:25:22","guid":{"rendered":"https:\/\/qrsystem.qki.dk\/qrsystem\/"},"modified":"2026-03-04T11:20:33","modified_gmt":"2026-03-04T11:20:33","slug":"qrsystem","status":"publish","type":"page","link":"https:\/\/qrsystem.qki.dk\/de\/","title":{"rendered":"QRsystem"},"content":{"rendered":"\n<h2 class=\"wp-block-heading\">Inhalte ohne Sprachbarrieren<\/h2>\n\n<p>Unsere L\u00f6sung macht es einfach, in mehreren Sprachen zu kommunizieren \u2013 vollautomatisch. Der Gast w\u00e4hlt beim Scannen selbst seine bevorzugte Sprache, und die Inhalte passen sich sofort an. So k\u00f6nnen Sie sowohl lokalen als auch internationalen Besuchern ein reibungsloses, inklusives und verst\u00e4ndliches Erlebnis bieten \u2013 ohne zus\u00e4tzlichen Aufwand f\u00fcr Sie.<\/p>\n\n<h2 class=\"wp-block-heading\">Inhalte, die das Erlebnis zum Leben erwecken<\/h2>\n\n<p>Bieten Sie Ihren Besuchern ein intensiveres Erlebnis mit Inhalten, die mehrere Sinne ansprechen. Unsere L\u00f6sung macht es einfach, Bilder, Texte, Audio und Video direkt auf den Smartphones der G\u00e4ste zu pr\u00e4sentieren. Erz\u00e4hlen Sie Geschichten, zeigen Sie stimmungsvolle Bilder, lassen Sie eine Sprecherstimme durch das Erlebnis f\u00fchren oder spielen Sie kurze Videos ab, die die Orte zum Leben erwecken. Sie w\u00e4hlen die Form \u2013 wir sorgen daf\u00fcr, dass sie beim Nutzer perfekt ankommt.<\/p>\n\n<h2 class=\"wp-block-heading\">Wenn das Erlebnis zur Aufgabe wird<\/h2>\n\n<p>Machen Sie den Besuch lebendig mit interaktiven Stationen, an denen die G\u00e4ste R\u00e4tsel, Fragen oder kleine Herausforderungen erwarten. Jeder Ort kann neues Wissen, einen Hinweis oder eine Aufgabe bereithalten, die gel\u00f6st werden muss, um weiterzukommen. Das schafft ein unterhaltsames und lehrreiches Erlebnis, bei dem die Neugier die Teilnehmenden vorantreibt \u2013 und bei dem Vermittlung zum Spiel wird statt zu Text auf einer Tafel.<\/p>\n","protected":false},"excerpt":{"rendered":"<p>Inhalte ohne Sprachbarrieren Unsere L\u00f6sung macht es einfach, in mehreren Sprachen zu kommunizieren \u2013 vollautomatisch. Der Gast w\u00e4hlt beim Scannen selbst seine bevorzugte Sprache, und die Inhalte passen sich sofort an. So k\u00f6nnen Sie sowohl lokalen als auch internationalen Besuchern ein reibungsloses, inklusives und verst\u00e4ndliches Erlebnis bieten \u2013 ohne zus\u00e4tzlichen Aufwand f\u00fcr Sie. Inhalte, die [&hellip;]<\/p>\n","protected":false},"author":1,"featured_media":0,"parent":0,"menu_order":0,"comment_status":"closed","ping_status":"open","template":"","meta":{"footnotes":""},"class_list":["post-15","page","type-page","status-publish","hentry"],"_links":{"self":[{"href":"https:\/\/qrsystem.qki.dk\/de\/wp-json\/wp\/v2\/pages\/15","targetHints":{"allow":["GET"]}}],"collection":[{"href":"https:\/\/qrsystem.qki.dk\/de\/wp-json\/wp\/v2\/pages"}],"about":[{"href":"https:\/\/qrsystem.qki.dk\/de\/wp-json\/wp\/v2\/types\/page"}],"author":[{"embeddable":true,"href":"https:\/\/qrsystem.qki.dk\/de\/wp-json\/wp\/v2\/users\/1"}],"replies":[{"embeddable":true,"href":"https:\/\/qrsystem.qki.dk\/de\/wp-json\/wp\/v2\/comments?post=15"}],"version-history":[{"count":3,"href":"https:\/\/qrsystem.qki.dk\/de\/wp-json\/wp\/v2\/pages\/15\/revisions"}],"predecessor-version":[{"id":38,"href":"https:\/\/qrsystem.qki.dk\/de\/wp-json\/wp\/v2\/pages\/15\/revisions\/38"}],"wp:attachment":[{"href":"https:\/\/qrsystem.qki.dk\/de\/wp-json\/wp\/v2\/media?parent=15"}],"curies":[{"name":"wp","href":"https:\/\/api.w.org\/{rel}","templated":true}]}}